{"id":670,"date":"2019-09-16T17:36:38","date_gmt":"2019-09-16T15:36:38","guid":{"rendered":"http:\/\/aumed.cz\/en\/peroralni-aplikace-vakcin\/"},"modified":"2022-05-18T11:07:08","modified_gmt":"2022-05-18T09:07:08","slug":"oral-vaccine-administration","status":"publish","type":"page","link":"https:\/\/aumed.cz\/en\/oral-vaccine-administration\/","title":{"rendered":"Oral vaccine administration"},"content":{"rendered":"<div class=\"wpb-content-wrapper\"><p>[vc_row full_width=&#8221;stretch_row&#8221; css=&#8221;.vc_custom_1568651668545{padding-top: 100px !important;padding-bottom: 140px !important;background-image: url(http:\/\/aumed.cz\/wp-content\/uploads\/2019\/09\/Peror\u00e1ln\u00ed-aplikace-vakc\u00edn.jpg?id=559) !important;}&#8221;][vc_column]<div class=\"title_box\" style=\"margin-top: 0px;\"><h2 style=\"color: #ffffff; margin-bottom: 0px;\">Oral vaccine administration<\/h2><\/div>[\/vc_column][\/vc_row][vc_row][vc_column][vc_empty_space height=&#8221;20px&#8221;][vc_column_text css_animation=&#8221;bottom-to-top&#8221;]<\/p>\n<h2 style=\"text-align: left;\">Research and development of a new administration of the vaccine in the company AUMED, a.s.<\/h2>\n<p>[\/vc_column_text][vc_empty_space height=&#8221;20px&#8221;][vc_column_text css_animation=&#8221;bottom-to-top&#8221;]AUMED, a.s. started active cooperation with the Charles University, Faculty of Pharmacy in Hradec Kr\u00e1lov\u00e9 on the development of a new vaccine which will be administered orally as a <strong>lyophilized tablet<\/strong>. A newly innovated pertussis vaccine has been chosen as a model vaccine which was developed by the company AUMED, a.s. in recent years. The chosen model vaccine is justified in the increasing number of local epidemics of whooping cough.[\/vc_column_text][vc_empty_space height=&#8221;20px&#8221;][\/vc_column][\/vc_row][vc_row full_width=&#8221;stretch_row&#8221; css=&#8221;.vc_custom_1469210658172{background-color: #e7f2f9 !important;}&#8221;][vc_column][vc_empty_space height=&#8221;20px&#8221;][vc_column_text css_animation=&#8221;bottom-to-top&#8221;]<\/p>\n<h2 style=\"text-align: center;\"><strong>WHY RESEARCH IN THIS AREA?<\/strong><\/h2>\n<p>[\/vc_column_text][vc_empty_space height=&#8221;20px&#8221;][vc_column_text css_animation=&#8221;bottom-to-top&#8221;]Previously used vaccines are injected as a classical parenteral drug. The vaccine application induces the immune response of the organism, but the disadvantage is the reduced protective effect on nasopharynx mucosa, which is the entry gate of infection. <strong>Oral administration<\/strong> of Bordetella pertussis vaccine is technically justified because the mucosal immune system of the oral cavity and nasopharynx are interconnected. <strong>The immune response to this form of administration is supported by clinical tests. The lyophilized tablet<\/strong>, as a new form of vaccine, guarantees a satisfactory distribution on the buccal mucosa. The trend of using lyophilized tablets as a new drug form is generally accepted in pharmaceutical application and is understood to be a progressive solution.[\/vc_column_text][vc_empty_space height=&#8221;20px&#8221;][\/vc_column][\/vc_row][vc_row full_width=&#8221;stretch_row&#8221; css=&#8221;.vc_custom_1469210759409{background-color: #f9f9f9 !important;}&#8221;][vc_column][vc_empty_space height=&#8221;20px&#8221;][vc_column_text css_animation=&#8221;bottom-to-top&#8221;]<\/p>\n<h2 style=\"text-align: center;\"><strong>AIM OF OUR RESEARCH<\/strong><\/h2>\n<p>[\/vc_column_text][vc_empty_space height=&#8221;20px&#8221;][vc_column_text css_animation=&#8221;bottom-to-top&#8221;]These research activities should result in a microbial vaccine in the form of a lyophilized tablet administered orally.[\/vc_column_text][vc_empty_space height=&#8221;20px&#8221;][vc_column_text css_animation=&#8221;bottom-to-top&#8221;]The research was also carried out with the help of the research and development support program of the Ministry of Industry and Trade called TRIO. AUMED, a.s. implemented a three-year project in this program entitled &#8220;Development of a new dosage form for oral vaccine administration&#8221; (Project no.: FV 40365). The project was successfully completed at the end of 2021 with results and outputs in accordance with the project plan. AUMED, a.s. is working on the successful commercialization of outputs. <em><a href=\"https:\/\/aumed.cz\/en\/successful-completion-trio-project-development-new-dosage-form-oral-vaccine-administration\/\">Learn more about the results of the project.<\/a><\/em>[\/vc_column_text][vc_empty_space height=&#8221;20px&#8221;][\/vc_column][\/vc_row]<\/p>\n<\/div>","protected":false},"excerpt":{"rendered":"<p>[vc_row full_width=&#8221;stretch_row&#8221; css=&#8221;.vc_custom_1568651668545{padding-top: 100px !important;padding-bottom: 140px !important;background-image: url(http:\/\/aumed.cz\/wp-content\/uploads\/2019\/09\/Peror\u00e1ln\u00ed-aplikace-vakc\u00edn.jpg?id=559) !important;}&#8221;][vc_column][\/vc_column][\/vc_row][vc_row][vc_column][vc_empty_space height=&#8221;20px&#8221;][vc_column_text css_animation=&#8221;bottom-to-top&#8221;] Research and development of a new administration of the&#8230;<\/p>\n","protected":false},"author":2,"featured_media":0,"parent":0,"menu_order":0,"comment_status":"closed","ping_status":"closed","template":"","meta":{"footnotes":""},"class_list":["post-670","page","type-page","status-publish","hentry"],"_links":{"self":[{"href":"https:\/\/aumed.cz\/en\/wp-json\/wp\/v2\/pages\/670"}],"collection":[{"href":"https:\/\/aumed.cz\/en\/wp-json\/wp\/v2\/pages"}],"about":[{"href":"https:\/\/aumed.cz\/en\/wp-json\/wp\/v2\/types\/page"}],"author":[{"embeddable":true,"href":"https:\/\/aumed.cz\/en\/wp-json\/wp\/v2\/users\/2"}],"replies":[{"embeddable":true,"href":"https:\/\/aumed.cz\/en\/wp-json\/wp\/v2\/comments?post=670"}],"version-history":[{"count":6,"href":"https:\/\/aumed.cz\/en\/wp-json\/wp\/v2\/pages\/670\/revisions"}],"predecessor-version":[{"id":1091,"href":"https:\/\/aumed.cz\/en\/wp-json\/wp\/v2\/pages\/670\/revisions\/1091"}],"wp:attachment":[{"href":"https:\/\/aumed.cz\/en\/wp-json\/wp\/v2\/media?parent=670"}],"curies":[{"name":"wp","href":"https:\/\/api.w.org\/{rel}","templated":true}]}}